{"id":20,"date":"2016-06-22T11:10:04","date_gmt":"2016-06-22T11:10:04","guid":{"rendered":"http:\/\/www.logopaidetvous.be\/?page_id=20"},"modified":"2026-04-24T19:54:58","modified_gmt":"2026-04-24T18:54:58","slug":"liens-utiles","status":"publish","type":"page","link":"https:\/\/www.logopaidetvous.be\/index.php\/liens-utiles\/","title":{"rendered":"Passeport"},"content":{"rendered":"<b> Passeport de comp\u00e9tences Logop&rsquo;Aide et vous : <\/b> <a href=\"\/\/logop-portfolio.vercel.app\/\">Cliquer ici pour acc\u00e9der \u00e0 la plateforme<\/a>\n\n<div class=\"centered\"><i> Demander la cr\u00e9ation d&rsquo;un compte : <\/i> <a href=\"https:\/\/forms.gle\/R2fbkj8xkpzv23137\">Cliquer ici<\/a><\/div>\n\n\n<div class=\"centered\"><img decoding=\"async\" loading=\"lazy\" src=\"http:\/\/www.logopaidetvous.be\/wp-content\/uploads\/2026\/04\/LAV.png\" alt=\"Cloud 13 (1)\" width=\"351\" height=\"356\" class=\"aligncenter size-full wp-image-183\"><\/div>","protected":false},"excerpt":{"rendered":"Passeport de comp\u00e9tences Logop&rsquo;Aide et vous : Cliquer ici pour acc\u00e9der \u00e0 la plateforme","protected":false},"author":1,"featured_media":0,"parent":0,"menu_order":0,"comment_status":"closed","ping_status":"closed","template":"","meta":[],"_links":{"self":[{"href":"https:\/\/www.logopaidetvous.be\/index.php\/wp-json\/wp\/v2\/pages\/20"}],"collection":[{"href":"https:\/\/www.logopaidetvous.be\/index.php\/wp-json\/wp\/v2\/pages"}],"about":[{"href":"https:\/\/www.logopaidetvous.be\/index.php\/wp-json\/wp\/v2\/types\/page"}],"author":[{"embeddable":true,"href":"https:\/\/www.logopaidetvous.be\/index.php\/wp-json\/wp\/v2\/users\/1"}],"replies":[{"embeddable":true,"href":"https:\/\/www.logopaidetvous.be\/index.php\/wp-json\/wp\/v2\/comments?post=20"}],"version-history":[{"count":16,"href":"https:\/\/www.logopaidetvous.be\/index.php\/wp-json\/wp\/v2\/pages\/20\/revisions"}],"predecessor-version":[{"id":1890,"href":"https:\/\/www.logopaidetvous.be\/index.php\/wp-json\/wp\/v2\/pages\/20\/revisions\/1890"}],"wp:attachment":[{"href":"https:\/\/www.logopaidetvous.be\/index.php\/wp-json\/wp\/v2\/media?parent=20"}],"curies":[{"name":"wp","href":"https:\/\/api.w.org\/{rel}","templated":true}]}}