{"id":14,"date":"2016-06-22T11:09:28","date_gmt":"2016-06-22T11:09:28","guid":{"rendered":"http:\/\/www.logopaidetvous.be\/?page_id=14"},"modified":"2025-03-06T20:14:30","modified_gmt":"2025-03-06T19:14:30","slug":"devenir-membre-adherent","status":"publish","type":"page","link":"https:\/\/www.logopaidetvous.be\/index.php\/devenir-membre-adherent\/","title":{"rendered":"Devenir membre adh\u00e9rent"},"content":{"rendered":"<div class=\"centered\"><img decoding=\"async\" loading=\"lazy\" src=\"http:\/\/www.logopaidetvous.be\/wp-content\/uploads\/2016\/07\/Cloud-12-4.png\" alt=\"Cloud 12 (4)\" width=\"357\" height=\"350\" class=\"aligncenter size-full wp-image-184\"><\/div>\n\n<div class=\"c\"><div class=\"centrage ctr_3x1-4\">\n\nPour 30\u20ac par an, devenez membre adh\u00e9rent de l&rsquo;asbl Logop&rsquo;Aide et vous.\n\n<h1 class=\"deco\">Quel avantage ?<\/h1>\n<ul class=\"puce\">\n \t<li>R\u00e9duction de 20\u20ac sur le prix de toutes les formations pour l&rsquo;ann\u00e9e civile en cours.<\/li>\n<\/ul>\n<h1 class=\"deco\">Comment adh\u00e9rer ?<\/h1>\n\nRemplissez le formulaire d&rsquo;adh\u00e9sion : <a href=\"https:\/\/goo.gl\/forms\/Bns5KIv2zQrYZmYl1\">Formulaire d&rsquo;adh\u00e9sion<\/a>. Nous transmettrons alors par mail les d\u00e9tails pratiques concernant le paiement.\n\n<h1 class=\"deco\">Quand adh\u00e9rer ?<\/h1>\n\nVous h\u00e9sitez \u00e0 nous rejoindre tout de suite, pas de souci, acc\u00e9dez \u00e0 nos formations au tarif non-adh\u00e9rent. Si vous changez d\u2019avis, il sera toujours possible d\u2019adh\u00e9rer par la suite et nous vous accorderons la r\u00e9duction pour toutes les formations suivies pendant l\u2019ann\u00e9e civile en cours. Pour des raisons comptables, nous vous conseillons vivement de vous inscrire comme membre adh\u00e9rent avant de suivre votre premi\u00e8re formation.\n\n<\/div><\/div>","protected":false},"excerpt":{"rendered":"","protected":false},"author":1,"featured_media":0,"parent":0,"menu_order":0,"comment_status":"closed","ping_status":"closed","template":"","meta":[],"_links":{"self":[{"href":"https:\/\/www.logopaidetvous.be\/index.php\/wp-json\/wp\/v2\/pages\/14"}],"collection":[{"href":"https:\/\/www.logopaidetvous.be\/index.php\/wp-json\/wp\/v2\/pages"}],"about":[{"href":"https:\/\/www.logopaidetvous.be\/index.php\/wp-json\/wp\/v2\/types\/page"}],"author":[{"embeddable":true,"href":"https:\/\/www.logopaidetvous.be\/index.php\/wp-json\/wp\/v2\/users\/1"}],"replies":[{"embeddable":true,"href":"https:\/\/www.logopaidetvous.be\/index.php\/wp-json\/wp\/v2\/comments?post=14"}],"version-history":[{"count":32,"href":"https:\/\/www.logopaidetvous.be\/index.php\/wp-json\/wp\/v2\/pages\/14\/revisions"}],"predecessor-version":[{"id":1747,"href":"https:\/\/www.logopaidetvous.be\/index.php\/wp-json\/wp\/v2\/pages\/14\/revisions\/1747"}],"wp:attachment":[{"href":"https:\/\/www.logopaidetvous.be\/index.php\/wp-json\/wp\/v2\/media?parent=14"}],"curies":[{"name":"wp","href":"https:\/\/api.w.org\/{rel}","templated":true}]}}