{"id":119,"date":"2016-07-23T14:15:32","date_gmt":"2016-07-23T13:15:32","guid":{"rendered":"http:\/\/www.logopaidetvous.be\/?page_id=119"},"modified":"2018-06-29T20:36:46","modified_gmt":"2018-06-29T19:36:46","slug":"agenda-2","status":"publish","type":"page","link":"https:\/\/www.logopaidetvous.be\/index.php\/agenda-2\/","title":{"rendered":"Agenda"},"content":{"rendered":"<div class=\"centered\"><img decoding=\"async\" loading=\"lazy\" src=\"http:\/\/www.logopaidetvous.be\/wp-content\/uploads\/2016\/07\/Cloud-13-1.png\" alt=\"Cloud 13 (1)\" width=\"351\" height=\"356\" class=\"aligncenter size-full wp-image-183\" \/><\/div>\r\n<br\/>\r\n\r\n<p>Le descriptif de toutes les formations, conf\u00e9rences et ateliers propos\u00e9s est consultable \u00e0 partir du menu de gauche. N&rsquo;h\u00e9sitez pas \u00e0 consulter r\u00e9guli\u00e8rement les annonces des \u00e9v\u00e9nements \u00e0 venir, elles sont class\u00e9es en fonction du public vis\u00e9.<\/p> \r\n<p>Int\u00e9ress\u00e9(e) par une formation, une conf\u00e9rence ou un atelier ? Remplissez le formulaire de pr\u00e9-inscription. Nous vous contacterons par mail pour vous confirmer votre inscription et vous donner les derniers d\u00e9tails pratiques.<\/p> \r\n<p>L&rsquo;\u00e9v\u00e9nement auquel vous souhaitiez participer est complet ? Pas de probl\u00e8me, nous vous mettons sur une liste d\u2019attente. D\u00e8s qu\u2019il y aura un d\u00e9sistement ou qu\u2019une autre s\u00e9ance sur le m\u00eame th\u00e8me sera organis\u00e9e, vous serez contact\u00e9(e).<\/p> \r\n<br\/>\r\n<ul>\r\n\r\n\r\n  ","protected":false},"excerpt":{"rendered":"Le descriptif de toutes les formations, conf\u00e9rences et ateliers propos\u00e9s est consultable \u00e0 partir du menu [&hellip;]","protected":false},"author":2,"featured_media":0,"parent":0,"menu_order":0,"comment_status":"closed","ping_status":"closed","template":"","meta":[],"_links":{"self":[{"href":"https:\/\/www.logopaidetvous.be\/index.php\/wp-json\/wp\/v2\/pages\/119"}],"collection":[{"href":"https:\/\/www.logopaidetvous.be\/index.php\/wp-json\/wp\/v2\/pages"}],"about":[{"href":"https:\/\/www.logopaidetvous.be\/index.php\/wp-json\/wp\/v2\/types\/page"}],"author":[{"embeddable":true,"href":"https:\/\/www.logopaidetvous.be\/index.php\/wp-json\/wp\/v2\/users\/2"}],"replies":[{"embeddable":true,"href":"https:\/\/www.logopaidetvous.be\/index.php\/wp-json\/wp\/v2\/comments?post=119"}],"version-history":[{"count":15,"href":"https:\/\/www.logopaidetvous.be\/index.php\/wp-json\/wp\/v2\/pages\/119\/revisions"}],"predecessor-version":[{"id":400,"href":"https:\/\/www.logopaidetvous.be\/index.php\/wp-json\/wp\/v2\/pages\/119\/revisions\/400"}],"wp:attachment":[{"href":"https:\/\/www.logopaidetvous.be\/index.php\/wp-json\/wp\/v2\/media?parent=119"}],"curies":[{"name":"wp","href":"https:\/\/api.w.org\/{rel}","templated":true}]}}