{"id":10,"date":"2016-06-22T11:08:53","date_gmt":"2016-06-22T11:08:53","guid":{"rendered":"http:\/\/www.logopaidetvous.be\/?page_id=10"},"modified":"2016-07-28T13:20:22","modified_gmt":"2016-07-28T12:20:22","slug":"qui-sommes-nous","status":"publish","type":"page","link":"https:\/\/www.logopaidetvous.be\/index.php\/qui-sommes-nous\/","title":{"rendered":"Qui sommes nous ?"},"content":{"rendered":"<div class=\"centered\"><img decoding=\"async\" loading=\"lazy\" src=\"http:\/\/www.logopaidetvous.be\/wp-content\/uploads\/2016\/07\/Cloud-8-2-e1469706481928.png\" alt=\"Cloud 8 (2)\" width=\"254\" height=\"422\" class=\"aligncenter size-full wp-image-163\" \/><\/div>\r\n<br\/>\r\n<div class=\"c\"><div class=\"centrage ctr_3x1-4\"><p>L&rsquo;asbl Logop\u2019Aide et vous a pour but d&rsquo;organiser, en Province de Li\u00e8ge, des formations, des conf\u00e9rences et des ateliers destin\u00e9s \u00e0 aborder les questions m\u00e9thodologiques, techniques, \u00e9thiques, pratiques et sociales li\u00e9es aux troubles du langage oral et \u00e9crit, de l&rsquo;apprentissage et de l&rsquo;attention.<\/p>     \r\n<br\/>\r\n<h1 class=\"deco\">Pourquoi ?<\/h1> \r\n<p>Pour r\u00e9pondre aux besoins des acteurs de terrain en offrant un programme d&rsquo;activit\u00e9s compl\u00e9mentaires \u00e0 celles organis\u00e9es par les diff\u00e9rentes associations existantes mais \u00e9galement pour sensibiliser les professionnels et le grand public aux enjeux soci\u00e9taux du traitement des troubles du langage et de l&rsquo;apprentissage. Nous aimerions \u00e9galement promouvoir la recherche scientifique en proposant aux \u00e9tudiants des sujets de m\u00e9moire\/TFE de mani\u00e8re \u00e0 mettre en lumi\u00e8re les questions qui restent \u00e0 r\u00e9soudre.<\/p> \r\n<br\/>\r\n<h1 class=\"deco\">Pour qui ?<\/h1> \r\n<p>Ces formations, conf\u00e9rences et ateliers sont ouverts aux logop\u00e8des, aux enseignants, aux parents, aux jeunes et \u00e0 toute personne touch\u00e9e par la r\u00e9\u00e9ducation des troubles du langage et de l&rsquo;apprentissage.<\/p>\r\n<br\/>\r\n<h1 class=\"deco\">Comment ?<\/h1> \r\n<p>Les probl\u00e9matiques abord\u00e9es sont structur\u00e9es autour de deux axes : <\/p>\r\n<ul><p>1) expression de soi dans la soci\u00e9t\u00e9 par la parole et l&rsquo;\u00e9criture : proposer des outils efficaces pour permettre aux enfants atteints de troubles du langage (\u00e9crit\/oral) et aux adultes priv\u00e9s de parole ou d&rsquo;\u00e9criture par un traumatisme de se faire entendre et ainsi de prendre une part active \u00e0 la soci\u00e9t\u00e9,<\/p><\/ul><br\/> \r\n<ul><p>2) rencontre de l&rsquo;autre et vivre ensemble : am\u00e9liorer la ma\u00eetrise de la parole et de l&rsquo;\u00e9criture pour favoriser l&rsquo;int\u00e9gration et l&rsquo;acceptation de l&rsquo;autre dans la soci\u00e9t\u00e9 (enfants pr\u00e9sentant des troubles \u00ab\u00a0dys\u00a0\u00bb, migrants non-francophones avec ou sans troubles du langage, dialogue interculturel, gestion de conflits, etc.).<\/p><\/ul>\r\n<br\/>\r\n<p> L&rsquo;agenda de nos activit\u00e9s sera r\u00e9guli\u00e8rement mis \u00e0 jour. N&rsquo;h\u00e9sitez pas \u00e0 nous contacter pour tout renseignement compl\u00e9mentaire et \u00e0 nous suivre aussi sur Facebook.<\/p><\/div><\/div>\r\n\r\n\r\n\r\n","protected":false},"excerpt":{"rendered":"","protected":false},"author":1,"featured_media":0,"parent":0,"menu_order":0,"comment_status":"closed","ping_status":"closed","template":"","meta":[],"_links":{"self":[{"href":"https:\/\/www.logopaidetvous.be\/index.php\/wp-json\/wp\/v2\/pages\/10"}],"collection":[{"href":"https:\/\/www.logopaidetvous.be\/index.php\/wp-json\/wp\/v2\/pages"}],"about":[{"href":"https:\/\/www.logopaidetvous.be\/index.php\/wp-json\/wp\/v2\/types\/page"}],"author":[{"embeddable":true,"href":"https:\/\/www.logopaidetvous.be\/index.php\/wp-json\/wp\/v2\/users\/1"}],"replies":[{"embeddable":true,"href":"https:\/\/www.logopaidetvous.be\/index.php\/wp-json\/wp\/v2\/comments?post=10"}],"version-history":[{"count":19,"href":"https:\/\/www.logopaidetvous.be\/index.php\/wp-json\/wp\/v2\/pages\/10\/revisions"}],"predecessor-version":[{"id":194,"href":"https:\/\/www.logopaidetvous.be\/index.php\/wp-json\/wp\/v2\/pages\/10\/revisions\/194"}],"wp:attachment":[{"href":"https:\/\/www.logopaidetvous.be\/index.php\/wp-json\/wp\/v2\/media?parent=10"}],"curies":[{"name":"wp","href":"https:\/\/api.w.org\/{rel}","templated":true}]}}